{"id":27949,"date":"2021-02-22T17:29:40","date_gmt":"2021-02-22T17:29:40","guid":{"rendered":"https:\/\/shop.druckso.de\/?post_type=product&#038;p=27949"},"modified":"2021-02-23T12:13:25","modified_gmt":"2021-02-23T12:13:25","slug":"corkscrew-pom-pom-beanie-kids","status":"publish","type":"product","link":"https:\/\/shop.druckso.de\/?product=corkscrew-pom-pom-beanie-kids","title":{"rendered":"Corkscrew Pom Pom Beanie Kids"},"content":{"rendered":"<div class=\"wpb-content-wrapper\"><p>[vc_row][vc_column width=&#8220;1\/4&#8243;][vc_single_image image=&#8220;27960&#8243; alignment=&#8220;center&#8220; style=&#8220;vc_box_rounded&#8220; onclick=&#8220;img_link_large&#8220;][vc_single_image image=&#8220;27959&#8243; alignment=&#8220;center&#8220; style=&#8220;vc_box_rounded&#8220; onclick=&#8220;img_link_large&#8220;][vc_single_image image=&#8220;27957&#8243; alignment=&#8220;center&#8220; style=&#8220;vc_box_rounded&#8220; onclick=&#8220;img_link_large&#8220;][vc_single_image image=&#8220;27958&#8243; alignment=&#8220;center&#8220; style=&#8220;vc_box_rounded&#8220; onclick=&#8220;img_link_large&#8220;][\/vc_column][vc_column width=&#8220;3\/4&#8243;][vc_custom_heading text=&#8220;Corkscrew Pom Pom Beanie Kids&#8220; google_fonts=&#8220;font_family:Montserrat%3Aregular%2C700|font_style:400%20regular%3A400%3Anormal&#8220;][vc_column_text]Style dein Alltag mit modischen M\u00fctzen.<\/p>\n<ul>\n<li>Weich gesponnenes Polyacryl<\/li>\n<li>TearAwayLabel f\u00fcr einfaches Neulabeln<\/li>\n<li>Robustes Multigarn-Zopfmuster<\/li>\n<li>Kr\u00e4ftiges 4-farbiges Streifendesign<\/li>\n<li>Luxuri\u00f6ses Band aus Lammfell f\u00fcr zus\u00e4tzliche W\u00e4rme<\/li>\n<li>Aufschlagdesign zur optimalen Verzierung<\/li>\n<\/ul>\n<p>[\/vc_column_text][\/vc_column][\/vc_row]<\/p>\n<\/div>","protected":false},"excerpt":{"rendered":"<p>Corkscrew Pom Pom Beanie Kids<\/p>\n","protected":false},"featured_media":27957,"comment_status":"closed","ping_status":"closed","template":"","meta":[],"product_brand":[],"product_cat":[436,467,481],"product_tag":[],"class_list":{"0":"post-27949","1":"product","2":"type-product","3":"status-publish","4":"has-post-thumbnail","6":"product_cat-accessoires","7":"product_cat-caps","8":"product_cat-kids","10":"first","11":"instock","12":"taxable","13":"shipping-taxable","14":"purchasable","15":"product-type-variable"},"bundle_layout":"","bundled_by":[],"bundled_items":[],"_links":{"self":[{"href":"https:\/\/shop.druckso.de\/index.php?rest_route=\/wp\/v2\/product\/27949","targetHints":{"allow":["GET"]}}],"collection":[{"href":"https:\/\/shop.druckso.de\/index.php?rest_route=\/wp\/v2\/product"}],"about":[{"href":"https:\/\/shop.druckso.de\/index.php?rest_route=\/wp\/v2\/types\/product"}],"replies":[{"embeddable":true,"href":"https:\/\/shop.druckso.de\/index.php?rest_route=%2Fwp%2Fv2%2Fcomments&post=27949"}],"wp:featuredmedia":[{"embeddable":true,"href":"https:\/\/shop.druckso.de\/index.php?rest_route=\/wp\/v2\/media\/27957"}],"wp:attachment":[{"href":"https:\/\/shop.druckso.de\/index.php?rest_route=%2Fwp%2Fv2%2Fmedia&parent=27949"}],"wp:term":[{"taxonomy":"product_brand","embeddable":true,"href":"https:\/\/shop.druckso.de\/index.php?rest_route=%2Fwp%2Fv2%2Fproduct_brand&post=27949"},{"taxonomy":"product_cat","embeddable":true,"href":"https:\/\/shop.druckso.de\/index.php?rest_route=%2Fwp%2Fv2%2Fproduct_cat&post=27949"},{"taxonomy":"product_tag","embeddable":true,"href":"https:\/\/shop.druckso.de\/index.php?rest_route=%2Fwp%2Fv2%2Fproduct_tag&post=27949"}],"curies":[{"name":"wp","href":"https:\/\/api.w.org\/{rel}","templated":true}]}}